{"id":10897,"date":"2021-11-01T20:29:05","date_gmt":"2021-11-01T20:29:05","guid":{"rendered":"https:\/\/envidatoken.io\/register-now\/"},"modified":"2021-11-30T13:23:55","modified_gmt":"2021-11-30T13:23:55","slug":"jetzt-registrieren","status":"publish","type":"page","link":"https:\/\/envidatoken.io\/de\/jetzt-registrieren\/","title":{"rendered":"Jetzt Registrieren"},"content":{"rendered":"<p>[vc_section bklyn_overlay=&#8221;true&#8221; bklyn_overlay_effect=&#8221;true&#8221; bklyn_overlay_effect_number=&#8221;5&#8243; bklyn_overlay_effect_speed=&#8221;1&#8243; bklyn_overlay_effect_randomize_opacity=&#8221;true&#8221; bklyn_overlay_effect_opacity_animate=&#8221;true&#8221; bklyn_overlay_effect_mouse_interaction=&#8221;false&#8221; bklyn_overlay_effect_activate_boundaries=&#8221;false&#8221; bklyn_overlay_effect_moving_direction=&#8221;top&#8221; background_position=&#8221;center center&#8221; css=&#8221;.vc_custom_1614106780243{background-image: url(https:\/\/envidatoken.io\/media\/2018\/03\/section-bg2.jpg?id=1182) !important;background-position: center !important;background-repeat: no-repeat !important;background-size: cover !important;}&#8221; bklyn_overlay_color=&#8221;rgba(25, 25, 26, 0.95)&#8221; bklyn_overlay_effect_dot_color=&#8221;#ffffff&#8221; bklyn_overlay_effect_line_color=&#8221;rgba(255,255,255,0.3)&#8221; el_name=&#8221;Sign up for Early Access &amp; News&#8221; bklyn_section_anchor_id=&#8221;Contact&#8221;][vc_row gap=&#8221;40&#8243; el_name=&#8221;column has animation&#8221;][vc_column add_box_shadow=&#8221;true&#8221; add_box_shadow_spacing=&#8221;true&#8221; delay=&#8221;true&#8221; offset=&#8221;vc_col-lg-offset-3 vc_col-lg-6 vc_col-md-offset-3 vc_col-md-6 vc_col-sm-offset-0&#8243; css=&#8221;.vc_custom_1635494144810{border-bottom-width: 2px !important;background-color: #171718 !important;border-bottom-color: #51bfe1 !important;border-bottom-style: solid !important;border-radius: 10px !important;}&#8221; shadow_color=&#8221;rgba(0,0,0,0.35)&#8221; shadow_color_hover=&#8221;rgba(0,0,0,0)&#8221; effect=&#8221;fadeIn&#8221; delay_timer=&#8221;400&#8243;]<div class=\"wpb_content_element  vc_custom_1638278213253\"><style type=\"text\/css\">#ut_header_69e206b3e2718 h2.section-title, #ut_header_69e206b3e2718 h2.section-title span { color:#ffffff; }#ut_header_69e206b3e2718 h2.section-title { font-size:70px !important;line-height:79px !important;letter-spacing:-0.03em; }@media (min-width: 1025px) and (max-width: 1679px) {#ut_header_69e206b3e2718 h2.section-title { font-size:40px !important;line-height:46px !important; }}#ut_header_69e206b3e2718 .ut-glitch-1::after { color:#1e73be; }#ut_header_69e206b3e2718 .ut-glitch-2::after { text-shadow: 1px 0 #1e73be; }#ut_header_69e206b3e2718 .ut-glitch-1::before { color:#69d61b; }#ut_header_69e206b3e2718 .ut-glitch-2::before { text-shadow: -1px 0 #69d61b; }<\/style><header id=\"ut_header_69e206b3e2718\" class=\"section-header  ut-no-lead-linebreak-mobile pt-style-7 header-center header-tablet-center header-mobile-center element-with-custom-line-height\"><div class=\"element-with-custom-line-height\" ><h2 data-title=\"Melden Sie sich f\u00fcr den Early Access an\"  data-responsive-font=\"section_title\" data-responsive-font-settings=\"{&quot;base-font-size&quot;:&quot;global&quot;,&quot;font-size&quot;:{&quot;desktop_large&quot;:&quot;70&quot;,&quot;desktop_small&quot;:&quot;40&quot;},&quot;base-line-height&quot;:&quot;79&quot;,&quot;line-height-unit&quot;:&quot;px&quot;,&quot;line-height&quot;:{&quot;desktop_large&quot;:&quot;79&quot;,&quot;desktop_small&quot;:&quot;46&quot;},&quot;base-letter-spacing&quot;:&quot;global&quot;,&quot;letter-spacing&quot;:{&quot;desktop_large&quot;:&quot;-0.03&quot;}}\" class=\"section-title ut-glitch ut-glitch-2 ut-glow\"><span>Melden Sie sich f\u00fcr den Early Access an<\/span><\/h2><\/div><div data-delay=\"0\" class=\"lead ut-glitch ut-glitch-2\"><p>Die Anleger, die das untenstehende Formular ausf\u00fcllen, haben nach dem 1. Dezember die M\u00f6glichkeit, auf den Privatverkauf zuzugreifen. Wenn Sie das Privileg haben m\u00f6chten, \u00fcber einen speziellen Link, der Ihnen per E-Mail zugesendet wird, auf unseren EnviDa-Token zuzugreifen, k\u00f6nnen Sie das untenstehende Formular ausf\u00fcllen, um in die private Verkaufsliste aufgenommen zu werden.<\/p>\n<\/div><\/header><\/div><div id=\"ut_cf7_colors_69e206b3e6040\" class=\"wpb_content_element ut-cf7-light-skin \">\n<div class=\"wpcf7 no-js\" id=\"wpcf7-f10866-o1\" lang=\"en-US\" dir=\"ltr\">\n<div class=\"screen-reader-response\"><p role=\"status\" aria-live=\"polite\" aria-atomic=\"true\"><\/p> <ul><\/ul><\/div>\n<form action=\"\/de\/wp-json\/wp\/v2\/pages\/10897#wpcf7-f10866-o1\" method=\"post\" class=\"wpcf7-form init\" aria-label=\"Contact form\" novalidate=\"novalidate\" data-status=\"init\">\n<div style=\"display: none;\">\n<input type=\"hidden\" name=\"_wpcf7\" value=\"10866\" \/>\n<input type=\"hidden\" name=\"_wpcf7_version\" value=\"5.8.1\" \/>\n<input type=\"hidden\" name=\"_wpcf7_locale\" value=\"en_US\" \/>\n<input type=\"hidden\" name=\"_wpcf7_unit_tag\" value=\"wpcf7-f10866-o1\" \/>\n<input type=\"hidden\" name=\"_wpcf7_container_post\" value=\"0\" \/>\n<input type=\"hidden\" name=\"_wpcf7_posted_data_hash\" value=\"\" \/>\n<input type=\"hidden\" name=\"_wpcf7_recaptcha_response\" value=\"\" \/>\n<\/div>\n<p><label> Your Name<br \/>\n<span class=\"wpcf7-form-control-wrap\" data-name=\"your-name\"><input size=\"40\" class=\"wpcf7-form-control wpcf7-text wpcf7-validates-as-required\" aria-required=\"true\" aria-invalid=\"false\" value=\"\" type=\"text\" name=\"your-name\" \/><\/span> <\/label>\n<\/p>\n<p><label> Your Surname<br \/>\n<span class=\"wpcf7-form-control-wrap\" data-name=\"your-surname\"><input size=\"40\" class=\"wpcf7-form-control wpcf7-text wpcf7-validates-as-required\" aria-required=\"true\" aria-invalid=\"false\" value=\"\" type=\"text\" name=\"your-surname\" \/><\/span> <\/label>\n<\/p>\n<p><label> Your E-mail<br \/>\n<span class=\"wpcf7-form-control-wrap\" data-name=\"your-email\"><input size=\"40\" class=\"wpcf7-form-control wpcf7-email wpcf7-validates-as-required wpcf7-text wpcf7-validates-as-email\" aria-required=\"true\" aria-invalid=\"false\" value=\"\" type=\"email\" name=\"your-email\" \/><\/span> <\/label>\n<\/p>\n<p><span id=\"wpcf7-69e206b3e7ead-wrapper\" class=\"wpcf7-form-control-wrap name2-wrap\" style=\"display:none !important; visibility:hidden !important;\"><label for=\"wpcf7-69e206b3e7ead-field\" class=\"hp-message\">Please leave this field empty.<\/label><input id=\"wpcf7-69e206b3e7ead-field\"  class=\"wpcf7-form-control wpcf7-text\" type=\"text\" name=\"name2\" value=\"\" size=\"40\" tabindex=\"-1\" autocomplete=\"new-password\" \/><\/span><span id=\"wpcf7-69e206b3e7ef0-wrapper\" class=\"wpcf7-form-control-wrap street-wrap\" style=\"display:none !important; visibility:hidden !important;\"><label for=\"wpcf7-69e206b3e7ef0-field\" class=\"hp-message\">Please leave this field empty.<\/label><input id=\"wpcf7-69e206b3e7ef0-field\"  class=\"wpcf7-form-control wpcf7-text\" type=\"text\" name=\"street\" value=\"\" size=\"40\" tabindex=\"-1\" autocomplete=\"new-password\" \/><\/span>\n<\/p>\n<p><input class=\"wpcf7-form-control wpcf7-submit has-spinner\" type=\"submit\" value=\"Submit\" \/>\n<\/p><p style=\"display: none !important;\"><label>&#916;<textarea name=\"_wpcf7_ak_hp_textarea\" cols=\"45\" rows=\"8\" maxlength=\"100\"><\/textarea><\/label><input type=\"hidden\" id=\"ak_js_1\" name=\"_wpcf7_ak_js\" value=\"86\"\/><script>document.getElementById( \"ak_js_1\" ).setAttribute( \"value\", ( new Date() ).getTime() );<\/script><\/p><input type='hidden' class='wpcf7-pum' value='{\"closepopup\":false,\"closedelay\":0,\"openpopup\":false,\"openpopup_id\":0}' \/><div class=\"wpcf7-response-output\" aria-hidden=\"true\"><\/div>\n<\/form>\n<\/div>\n<\/div>[\/vc_column][\/vc_row][\/vc_section]<\/p>\n","protected":false},"excerpt":{"rendered":"<p>[vc_section bklyn_overlay=&#8221;true&#8221; bklyn_overlay_effect=&#8221;true&#8221; bklyn_overlay_effect_number=&#8221;5&#8243; bklyn_overlay_effect_speed=&#8221;1&#8243; bklyn_overlay_effect_randomize_opacity=&#8221;true&#8221; bklyn_overlay_effect_opacity_animate=&#8221;true&#8221; bklyn_overlay_effect_mouse_interaction=&#8221;false&#8221; bklyn_overlay_effect_activate_boundaries=&#8221;false&#8221; bklyn_overlay_effect_moving_direction=&#8221;top&#8221; background_position=&#8221;center center&#8221; css=&#8221;.vc_custom_1614106780243{background-image: url(https:\/\/envidatoken.io\/media\/2018\/03\/section-bg2.jpg?id=1182) !important;background-position: center !important;background-repeat: no-repeat !important;background-size: cover !important;}&#8221; bklyn_overlay_color=&#8221;rgba(25, 25, 26, 0.95)&#8221; bklyn_overlay_effect_dot_color=&#8221;#ffffff&#8221; bklyn_overlay_effect_line_color=&#8221;rgba(255,255,255,0.3)&#8221; el_name=&#8221;Sign up for Early Access &amp; News&#8221; bklyn_section_anchor_id=&#8221;Contact&#8221;][vc_row gap=&#8221;40&#8243; el_name=&#8221;column has animation&#8221;][vc_column add_box_shadow=&#8221;true&#8221; add_box_shadow_spacing=&#8221;true&#8221; delay=&#8221;true&#8221; offset=&#8221;vc_col-lg-offset-3 vc_col-lg-6 vc_col-md-offset-3 vc_col-md-6 vc_col-sm-offset-0&#8243; css=&#8221;.vc_custom_1635494144810{border-bottom-width: 2px !important;background-color: #171718 !important;border-bottom-color: #51bfe1 !important;border-bottom-style: solid [&hellip;]<\/p>\n","protected":false},"author":1,"featured_media":0,"parent":0,"menu_order":0,"comment_status":"closed","ping_status":"closed","template":"","meta":{"footnotes":""},"class_list":["post-10897","page","type-page","status-publish","hentry"],"_links":{"self":[{"href":"https:\/\/envidatoken.io\/de\/wp-json\/wp\/v2\/pages\/10897","targetHints":{"allow":["GET"]}}],"collection":[{"href":"https:\/\/envidatoken.io\/de\/wp-json\/wp\/v2\/pages"}],"about":[{"href":"https:\/\/envidatoken.io\/de\/wp-json\/wp\/v2\/types\/page"}],"author":[{"embeddable":true,"href":"https:\/\/envidatoken.io\/de\/wp-json\/wp\/v2\/users\/1"}],"replies":[{"embeddable":true,"href":"https:\/\/envidatoken.io\/de\/wp-json\/wp\/v2\/comments?post=10897"}],"version-history":[{"count":3,"href":"https:\/\/envidatoken.io\/de\/wp-json\/wp\/v2\/pages\/10897\/revisions"}],"predecessor-version":[{"id":10905,"href":"https:\/\/envidatoken.io\/de\/wp-json\/wp\/v2\/pages\/10897\/revisions\/10905"}],"wp:attachment":[{"href":"https:\/\/envidatoken.io\/de\/wp-json\/wp\/v2\/media?parent=10897"}],"curies":[{"name":"wp","href":"https:\/\/api.w.org\/{rel}","templated":true}]}}