{"id":10452,"date":"2021-10-28T21:47:34","date_gmt":"2021-10-28T21:47:34","guid":{"rendered":"https:\/\/envidatoken.io\/edat\/"},"modified":"2021-11-13T17:40:50","modified_gmt":"2021-11-13T17:40:50","slug":"edat","status":"publish","type":"page","link":"https:\/\/envidatoken.io\/tr\/edat\/","title":{"rendered":"EDAT"},"content":{"rendered":"<p>[vc_section css=&#8221;.vc_custom_1614129171910{background-color: #171718 !important;}&#8221; el_name=&#8221;3 Reasons for Brooklyn&#8221;][vc_row effect=&#8221;none&#8221; el_name=&#8221;column has animation&#8221;][vc_column delay=&#8221;true&#8221; effect=&#8221;fadeIn&#8221; delay_timer=&#8221;400&#8243;]<div class=\"wpb_content_element  vc_custom_1636824891479\"><style type=\"text\/css\">#ut_header_69e7715ce8782 h2.section-title, #ut_header_69e7715ce8782 h2.section-title span { color:#ffffff; }#ut_header_69e7715ce8782 h2.section-title { font-size:70px !important;line-height:80px !important;letter-spacing:-0.03em; }@media (min-width: 1025px) and (max-width: 1679px) {#ut_header_69e7715ce8782 h2.section-title { font-size:40px !important;line-height:46px !important; }}#ut_header_69e7715ce8782 .lead { color:#ffffff; }#ut_header_69e7715ce8782 .lead p { color:#ffffff; }#ut_header_69e7715ce8782 .ut-glitch-1::after { color:#1e73be; }#ut_header_69e7715ce8782 .ut-glitch-2::after { text-shadow: 1px 0 #1e73be; }#ut_header_69e7715ce8782 .ut-glitch-1::before { color:#69d61b; }#ut_header_69e7715ce8782 .ut-glitch-2::before { text-shadow: -1px 0 #69d61b; }<\/style><header id=\"ut_header_69e7715ce8782\" class=\"section-header  ut-no-lead-linebreak-mobile pt-style-7 header-center header-tablet-center header-mobile-center element-with-custom-line-height\"><div class=\"element-with-custom-line-height\" ><h2 data-title=\"EDAT Nedir?\"  data-responsive-font=\"section_title\" data-responsive-font-settings=\"{&quot;base-font-size&quot;:&quot;global&quot;,&quot;font-size&quot;:{&quot;desktop_large&quot;:&quot;70&quot;,&quot;desktop_small&quot;:&quot;40&quot;},&quot;base-line-height&quot;:&quot;global&quot;,&quot;line-height&quot;:{&quot;desktop_large&quot;:&quot;80&quot;,&quot;desktop_small&quot;:&quot;46&quot;},&quot;base-letter-spacing&quot;:&quot;global&quot;,&quot;letter-spacing&quot;:{&quot;desktop_large&quot;:&quot;-0.03&quot;}}\" class=\"section-title ut-glitch ut-glitch-2 ut-glow\"><span>EDAT Nedir?<\/span><\/h2><\/div><div data-delay=\"0\" class=\"lead ut-glitch ut-glitch-2\"><p>EDAT Utility Token\u2019\u0131n amac\u0131, EnviDa projesini ilerletmektir. Token sat\u0131\u015f\u0131ndan elde edilen gelir, donan\u0131m par\u00e7alar\u0131n\u0131n \u00fcretimi,blok zinciri geli\u015ftirmek ve altyap\u0131 in\u015faat\u0131n\u0131 finanse etmek i\u00e7in kullan\u0131lacak. EDAT Token, DriveMiner ve \u00e7evresel veri bilgisini sat\u0131n almak i\u00e7in kullan\u0131labilecek.<\/p>\n<p>EDAT Token yaln\u0131zca \u00e7evresel veri izleme sens\u00f6rlerine ba\u011fl\u0131 DriveMiner ile \u00e7\u0131kar\u0131labilir.<\/p>\n<p>Bu iki i\u015flemin amac\u0131,EDAT Token&#8217;\u0131 borsada daima g\u00fc\u00e7l\u00fc tutmakt\u0131r.<\/p>\n<\/div><\/header><\/div><style type=\"text\/css\">#bklyn_btn_69e7715cee7c5 .bklyn-btn { color:#ffffff !important; border-color:#51bfe1 !important; border-width:2px !important; border-radius:50px !important; background-color:transparent !important; }#bklyn_btn_69e7715cee7c5 .bklyn-btn:hover{ color:#ffffff !important; border-color:#51bfe1 !important; background-color:transparent !important; background-image:none !important; }#bklyn_btn_69e7715cee7c5 .bklyn-btn:focus{ color:#ffffff !important; border-color:#51bfe1 !important; background-color:transparent !important; background-image:none !important; }#bklyn_btn_69e7715cee7c5 .bklyn-btn:active { color:#ffffff !important; border-color:#51bfe1 !important; background-color:transparent !important; background-image:none !important; }#bklyn_btn_69e7715cee7c5 .bklyn-btn::after{ color:#ffffff !important; }#bklyn_btn_69e7715cee7c5 a.bklyn-btn { font-weight:normal !important; }#bklyn_btn_69e7715cee7c5.bklyn-btn-header a.bklyn-btn { font-weight:normal !important; }#bklyn_btn_69e7715cee7c5.bklyn-btn-header a.bklyn-btn span { font-weight:normal !important; }#bklyn_btn_69e7715cee7c5 a.bklyn-btn { font-family:inherit !important; }#bklyn_btn_69e7715cee7c5 a i:before { font-size:16px; }#bklyn_btn_69e7715cee7c5.bklyn-btn-holder a { padding-top:12px;padding-right:24px;padding-bottom:12px;padding-left:24px }#bklyn_btn_69e7715cee7c5 a.bklyn-btn-effect-winona::after { padding-top:12px;padding-right:24px;padding-bottom:12px;padding-left:24px }<\/style><div id=\"bklyn_btn_69e7715cee7c5\" class=\"bklyn-btn-holder  bklyn-btn-center bklyn-btn-tablet-center bklyn-btn-mobile-center\"><a title=\"\" data-text=\"DriveMining'e G\u00f6z At\"  href=\"https:\/\/drivemining.io\/\" target=\" _blank\" class=\"bklyn-btn bklyn-btn-with-effect bklyn-btn-effect-winona bklyn-btn-shadow bklyn-btn-outline bklyn-btn-icon-left bklyn-btn-large\" ><i class=\"fa fa-search\"><\/i><span class=\"ut-btn-text\"><span>DriveMining'e G\u00f6z At<\/span><\/span><\/a><\/div>[\/vc_column][\/vc_row][\/vc_section][vc_section content_placement=&#8221;middle&#8221; bklyn_overlay=&#8221;true&#8221; background_position=&#8221;center center&#8221; css=&#8221;.vc_custom_1635872186907{background-color: #19191a !important;background-position: center !important;background-repeat: no-repeat !important;background-size: cover !important;}&#8221; el_name=&#8221;Token Sale&#8221; bklyn_section_anchor_id=&#8221;Token Sale&#8221; bklyn_overlay_color=&#8221;rgba(23, 23, 24, 0.95)&#8221;][vc_row gap=&#8221;40&#8243; equal_height=&#8221;yes&#8221; content_placement=&#8221;middle&#8221; el_id=&#8221;reason3&#8243; css=&#8221;.vc_custom_1614165521620{margin-top: 0px !important;}&#8221; el_name=&#8221;columns have animations&#8221;][vc_column width=&#8221;1\/4&#8243; bklyn_overlay=&#8221;true&#8221; delay=&#8221;true&#8221; css=&#8221;.vc_custom_1635466639977{border-top-width: 2px !important;border-bottom-width: 2px !important;background-position: center !important;background-repeat: no-repeat !important;background-size: cover !important;border-top-color: rgba(255,255,255,0.1) !important;border-top-style: solid !important;border-bottom-color: rgba(255,255,255,0.1) !important;border-bottom-style: solid !important;border-radius: 10px !important;}&#8221; effect=&#8221;fadeIn&#8221; delay_timer=&#8221;400&#8243; bklyn_overlay_color=&#8221;rgba(25, 25, 26, 0.95)&#8221;][ut_number_counter counter_font_source=&#8221;google&#8221; counter_google_fonts=&#8221;font_family:Nunito%20Sans%3A200%2C200italic%2C300%2C300italic%2Cregular%2Citalic%2C600%2C600italic%2C700%2C700italic%2C800%2C800italic%2C900%2C900italic|font_style:800%20bold%20regular%3A800%3Anormal&#8221; counter_font_size=&#8221;70&#8243; counter_prefix_font_weight=&#8221;&#8221; counter_suffix_font_weight=&#8221;&#8221; to=&#8221;EDAT&#8221; desccolor=&#8221;#ffffff&#8221; counter_color=&#8221;#ffffff&#8221;]TOKEN ADI[\/ut_number_counter][\/vc_column][vc_column width=&#8221;1\/4&#8243; bklyn_overlay=&#8221;true&#8221; css=&#8221;.vc_custom_1635466700089{border-top-width: 2px !important;border-bottom-width: 2px !important;border-top-color: rgba(255,255,255,0.1) !important;border-top-style: solid !important;border-bottom-color: rgba(255,255,255,0.1) !important;border-bottom-style: solid !important;border-radius: 10px !important;}&#8221; bklyn_overlay_color=&#8221;rgba(25, 25, 26, 0.95)&#8221;][ut_number_counter sep=&#8221;true&#8221; counter_font_source=&#8221;google&#8221; counter_google_fonts=&#8221;font_family:Nunito%20Sans%3A200%2C200italic%2C300%2C300italic%2Cregular%2Citalic%2C600%2C600italic%2C700%2C700italic%2C800%2C800italic%2C900%2C900italic|font_style:800%20bold%20italic%3A800%3Aitalic&#8221; counter_font_size=&#8221;25&#8243; counter_prefix_font_weight=&#8221;&#8221; counter_suffix_font_weight=&#8221;&#8221; to=&#8221;200000000&#8243; suffix=&#8221;EDAT&#8221; desccolor=&#8221;#ffffff&#8221; counter_color=&#8221;#ffffff&#8221; sep_sign=&#8221;.&#8221;]TOPLAM TOKEN[\/ut_number_counter][\/vc_column][vc_column width=&#8221;1\/4&#8243; bklyn_overlay=&#8221;true&#8221; css=&#8221;.vc_custom_1635466668473{border-top-width: 2px !important;border-bottom-width: 2px !important;border-top-color: rgba(255,255,255,0.1) !important;border-top-style: solid !important;border-bottom-color: rgba(255,255,255,0.1) !important;border-bottom-style: solid !important;border-radius: 10px !important;}&#8221; bklyn_overlay_color=&#8221;rgba(25, 25, 26, 0.95)&#8221;][ut_number_counter counter_font_source=&#8221;google&#8221; counter_google_fonts=&#8221;font_family:Nunito%20Sans%3A200%2C200italic%2C300%2C300italic%2Cregular%2Citalic%2C600%2C600italic%2C700%2C700italic%2C800%2C800italic%2C900%2C900italic|font_style:800%20bold%20italic%3A800%3Aitalic&#8221; counter_font_size=&#8221;28&#8243; counter_prefix_font_weight=&#8221;&#8221; counter_suffix_font_weight=&#8221;&#8221; to=&#8221;BTC, Banka, USDT, ETH&#8221; suffix=&#8221;%&#8221; desccolor=&#8221;#ffffff&#8221; counter_color=&#8221;#ffffff&#8221;]\u00d6DEME[\/ut_number_counter][\/vc_column][vc_column width=&#8221;1\/4&#8243; bklyn_overlay=&#8221;true&#8221; delay=&#8221;true&#8221; effect=&#8221;fadeIn&#8221; delay_timer=&#8221;600&#8243; css=&#8221;.vc_custom_1635466705866{border-top-width: 2px !important;border-bottom-width: 2px !important;border-top-color: rgba(255,255,255,0.1) !important;border-top-style: solid !important;border-bottom-color: rgba(255,255,255,0.1) !important;border-bottom-style: solid !important;border-radius: 10px !important;}&#8221; bklyn_overlay_color=&#8221;rgba(25, 25, 26, 0.95)&#8221;][ut_number_counter sep=&#8221;true&#8221; counter_font_source=&#8221;google&#8221; counter_google_fonts=&#8221;font_family:Nunito%20Sans%3A200%2C200italic%2C300%2C300italic%2Cregular%2Citalic%2C600%2C600italic%2C700%2C700italic%2C800%2C800italic%2C900%2C900italic|font_style:800%20bold%20italic%3A800%3Aitalic&#8221; counter_font_size=&#8221;25&#8243; counter_prefix_font_weight=&#8221;&#8221; counter_suffix_font_weight=&#8221;&#8221; to=&#8221;13195000&#8243; suffix=&#8221;\u20ac&#8221; desccolor=&#8221;#ffffff&#8221; counter_color=&#8221;#ffffff&#8221; sep_sign=&#8221;.&#8221;]HARD CAP[\/ut_number_counter][\/vc_column][\/vc_row][vc_row el_name=&#8221;column has animation&#8221;][vc_column delay=&#8221;true&#8221; effect=&#8221;fadeIn&#8221; delay_timer=&#8221;400&#8243;][vc_empty_space]<div class=\"wpb_content_element  vc_custom_1636800078319\"><style type=\"text\/css\">#ut_header_69e7715ceec35 h2.section-title, #ut_header_69e7715ceec35 h2.section-title span { color:#ffffff; }#ut_header_69e7715ceec35 h2.section-title { font-size:70px !important;line-height:80px !important;letter-spacing:-0.03em; }@media (min-width: 1025px) and (max-width: 1679px) {#ut_header_69e7715ceec35 h2.section-title { font-size:40px !important;line-height:46px !important; }}#ut_header_69e7715ceec35 .lead { color:#ffffff; }#ut_header_69e7715ceec35 .lead p { color:#ffffff; }#ut_header_69e7715ceec35 .ut-glitch-1::after { color:#1e73be; }#ut_header_69e7715ceec35 .ut-glitch-2::after { text-shadow: 1px 0 #1e73be; }#ut_header_69e7715ceec35 .ut-glitch-1::before { color:#69d61b; }#ut_header_69e7715ceec35 .ut-glitch-2::before { text-shadow: -1px 0 #69d61b; }<\/style><header id=\"ut_header_69e7715ceec35\" class=\"section-header  ut-no-lead-linebreak-mobile pt-style-7 header-center header-tablet-center header-mobile-center element-with-custom-line-height\"><div class=\"element-with-custom-line-height\" ><h2 data-title=\"Token Da\u011f\u0131t\u0131m\u0131\"  data-responsive-font=\"section_title\" data-responsive-font-settings=\"{&quot;base-font-size&quot;:&quot;global&quot;,&quot;font-size&quot;:{&quot;desktop_large&quot;:&quot;70&quot;,&quot;desktop_small&quot;:&quot;40&quot;},&quot;base-line-height&quot;:&quot;global&quot;,&quot;line-height&quot;:{&quot;desktop_large&quot;:&quot;80&quot;,&quot;desktop_small&quot;:&quot;46&quot;},&quot;base-letter-spacing&quot;:&quot;global&quot;,&quot;letter-spacing&quot;:{&quot;desktop_large&quot;:&quot;-0.03&quot;}}\" class=\"section-title ut-glitch ut-glitch-2 ut-glow\"><span>Token Da\u011f\u0131t\u0131m\u0131<\/span><\/h2><\/div><\/header><\/div>[\/vc_column][\/vc_row][vc_row gap=&#8221;40&#8243; equal_height=&#8221;yes&#8221; content_placement=&#8221;middle&#8221; css=&#8221;.vc_custom_1614160519624{margin-top: 0px !important;}&#8221;][vc_column width=&#8221;1\/3&#8243; bklyn_overlay=&#8221;true&#8221; delay=&#8221;true&#8221; css=&#8221;.vc_custom_1635466052617{border-bottom-width: 2px !important;border-bottom-color: #51bfe1 !important;border-bottom-style: solid !important;border-radius: 10px !important;}&#8221; bklyn_overlay_color=&#8221;linear-gradient(140deg, rgba(23, 23, 24, 0.85) 0%, rgba(25, 25, 26, 0.85) 100%)&#8221; effect=&#8221;fadeIn&#8221; delay_timer=&#8221;400&#8243;][vc_row_inner][vc_column_inner]<style type=\"text\/css\">#ut_custom_heading69e7715cef7a6 { color:#ffffff; }#ut_custom_heading69e7715cef7a6 { font-size:25px !important;line-height:28px !important; }#ut_custom_heading69e7715cef7a6 { text-align:center; }@media (min-width: 768px) and (max-width: 1024px) { #ut_custom_heading69e7715cef7a6 { text-align:center; } }@media (max-width: 767px) { #ut_custom_heading69e7715cef7a6 { text-align:center; } }<\/style><h3 id=\"ut_custom_heading69e7715cef7a6\" data-responsive-font=\"h3\" data-responsive-font-settings=\"{&quot;base-font-size&quot;:&quot;global&quot;,&quot;font-size&quot;:{&quot;desktop_large&quot;:&quot;25&quot;},&quot;base-line-height&quot;:&quot;global&quot;,&quot;line-height&quot;:{&quot;desktop_large&quot;:&quot;28&quot;},&quot;base-letter-spacing&quot;:&quot;global&quot;}\" class=\"ut-custom-heading-module   vc_custom_1636738673880\" ><span class=\"\" >Maden \u00d6d\u00fclleri<\/span><\/h3>[ut_number_counter counter_font_source=&#8221;google&#8221; counter_google_fonts=&#8221;font_family:Nunito%20Sans%3A200%2C200italic%2C300%2C300italic%2Cregular%2Citalic%2C600%2C600italic%2C700%2C700italic%2C800%2C800italic%2C900%2C900italic|font_style:800%20bold%20regular%3A800%3Anormal&#8221; counter_font_size=&#8221;70&#8243; counter_prefix_font_weight=&#8221;&#8221; counter_suffix_font_weight=&#8221;&#8221; to=&#8221;75&#8243; desccolor=&#8221;#ffffff&#8221; counter_color=&#8221;#51bfe1&#8243; suffix=&#8221;%&#8221;][\/ut_number_counter][\/vc_column_inner][\/vc_row_inner][\/vc_column][vc_column width=&#8221;1\/3&#8243; bklyn_overlay=&#8221;true&#8221; bklyn_overlay_effect=&#8221;true&#8221; bklyn_overlay_effect_number=&#8221;25&#8243; bklyn_overlay_effect_speed=&#8221;1&#8243; bklyn_overlay_effect_randomize_opacity=&#8221;true&#8221; bklyn_overlay_effect_opacity_animate=&#8221;true&#8221; bklyn_overlay_effect_connect_particles=&#8221;false&#8221; bklyn_overlay_effect_mouse_interaction=&#8221;false&#8221; bklyn_overlay_effect_activate_boundaries=&#8221;false&#8221; delay=&#8221;true&#8221; bklyn_overlay_color=&#8221;rgba(23, 23, 24, 0.95)&#8221; css=&#8221;.vc_custom_1635467037425{border-bottom-width: 2px !important;background-position: center !important;background-repeat: no-repeat !important;background-size: cover !important;border-bottom-color: #23ab7c !important;border-bottom-style: solid !important;border-radius: 10px !important;}&#8221; effect=&#8221;fadeIn&#8221; delay_timer=&#8221;600&#8243;][vc_row_inner][vc_column_inner]<style type=\"text\/css\">#ut_custom_heading69e7715cef897 { color:#ffffff; }#ut_custom_heading69e7715cef897 { font-size:25px !important;line-height:28px !important; }#ut_custom_heading69e7715cef897 { text-align:center; }@media (min-width: 768px) and (max-width: 1024px) { #ut_custom_heading69e7715cef897 { text-align:center; } }@media (max-width: 767px) { #ut_custom_heading69e7715cef897 { text-align:center; } }<\/style><h3 id=\"ut_custom_heading69e7715cef897\" data-responsive-font=\"h3\" data-responsive-font-settings=\"{&quot;base-font-size&quot;:&quot;global&quot;,&quot;font-size&quot;:{&quot;desktop_large&quot;:&quot;25&quot;},&quot;base-line-height&quot;:&quot;global&quot;,&quot;line-height&quot;:{&quot;desktop_large&quot;:&quot;28&quot;},&quot;base-letter-spacing&quot;:&quot;global&quot;}\" class=\"ut-custom-heading-module   vc_custom_1636738682852\" ><span class=\"\" >Token Sat\u0131\u015f\u0131<\/span><\/h3>[ut_number_counter counter_font_source=&#8221;google&#8221; counter_google_fonts=&#8221;font_family:Nunito%20Sans%3A200%2C200italic%2C300%2C300italic%2Cregular%2Citalic%2C600%2C600italic%2C700%2C700italic%2C800%2C800italic%2C900%2C900italic|font_style:800%20bold%20regular%3A800%3Anormal&#8221; counter_font_size=&#8221;70&#8243; counter_prefix_font_weight=&#8221;&#8221; counter_suffix_font_weight=&#8221;&#8221; to=&#8221;8&#8243; desccolor=&#8221;#ffffff&#8221; counter_color=&#8221;#23ab7c&#8221; suffix=&#8221;%&#8221;][\/ut_number_counter][\/vc_column_inner][\/vc_row_inner][\/vc_column][vc_column width=&#8221;1\/3&#8243; css=&#8221;.vc_custom_1635466871009{border-bottom-width: 2px !important;border-bottom-color: #3db6b4 !important;border-bottom-style: solid !important;border-radius: 10px !important;}&#8221;][vc_row_inner][vc_column_inner]<style type=\"text\/css\">#ut_custom_heading69e7715cef960 { color:#ffffff; }#ut_custom_heading69e7715cef960 { font-size:25px !important;line-height:28px !important; }#ut_custom_heading69e7715cef960 { text-align:center; }@media (min-width: 768px) and (max-width: 1024px) { #ut_custom_heading69e7715cef960 { text-align:center; } }@media (max-width: 767px) { #ut_custom_heading69e7715cef960 { text-align:center; } }<\/style><h3 id=\"ut_custom_heading69e7715cef960\" data-responsive-font=\"h3\" data-responsive-font-settings=\"{&quot;base-font-size&quot;:&quot;global&quot;,&quot;font-size&quot;:{&quot;desktop_large&quot;:&quot;25&quot;},&quot;base-line-height&quot;:&quot;global&quot;,&quot;line-height&quot;:{&quot;desktop_large&quot;:&quot;28&quot;},&quot;base-letter-spacing&quot;:&quot;global&quot;}\" class=\"ut-custom-heading-module   vc_custom_1636738691588\" ><span class=\"\" >Tak\u0131m <\/span><\/h3>[ut_number_counter counter_font_source=&#8221;google&#8221; counter_google_fonts=&#8221;font_family:Nunito%20Sans%3A200%2C200italic%2C300%2C300italic%2Cregular%2Citalic%2C600%2C600italic%2C700%2C700italic%2C800%2C800italic%2C900%2C900italic|font_style:800%20bold%20regular%3A800%3Anormal&#8221; counter_font_size=&#8221;70&#8243; counter_prefix_font_weight=&#8221;&#8221; counter_suffix_font_weight=&#8221;&#8221; to=&#8221;5&#8243; desccolor=&#8221;#ffffff&#8221; counter_color=&#8221;#3db6b4&#8243; suffix=&#8221;%&#8221;][\/ut_number_counter][\/vc_column_inner][\/vc_row_inner][\/vc_column][\/vc_row][vc_row gap=&#8221;40&#8243; equal_height=&#8221;yes&#8221; content_placement=&#8221;middle&#8221; css=&#8221;.vc_custom_1614160519624{margin-top: 0px !important;}&#8221;][vc_column width=&#8221;1\/3&#8243; bklyn_overlay=&#8221;true&#8221; bklyn_overlay_effect=&#8221;true&#8221; delay=&#8221;true&#8221; css=&#8221;.vc_custom_1635467089450{border-bottom-width: 2px !important;border-bottom-color: #2fb096 !important;border-bottom-style: solid !important;border-radius: 10px !important;}&#8221; bklyn_overlay_color=&#8221;linear-gradient(140deg, rgba(23, 23, 24, 0.85) 0%, rgba(25, 25, 26, 0.85) 100%)&#8221; effect=&#8221;fadeIn&#8221; delay_timer=&#8221;400&#8243;][vc_row_inner][vc_column_inner]<style type=\"text\/css\">#ut_custom_heading69e7715cefa43 { color:#ffffff; }#ut_custom_heading69e7715cefa43 { font-size:25px !important;line-height:28px !important; }#ut_custom_heading69e7715cefa43 { text-align:center; }@media (min-width: 768px) and (max-width: 1024px) { #ut_custom_heading69e7715cefa43 { text-align:center; } }@media (max-width: 767px) { #ut_custom_heading69e7715cefa43 { text-align:center; } }<\/style><h3 id=\"ut_custom_heading69e7715cefa43\" data-responsive-font=\"h3\" data-responsive-font-settings=\"{&quot;base-font-size&quot;:&quot;global&quot;,&quot;font-size&quot;:{&quot;desktop_large&quot;:&quot;25&quot;},&quot;base-line-height&quot;:&quot;global&quot;,&quot;line-height&quot;:{&quot;desktop_large&quot;:&quot;28&quot;},&quot;base-letter-spacing&quot;:&quot;global&quot;}\" class=\"ut-custom-heading-module   vc_custom_1636738702352\" ><span class=\"\" >Pazarlama<\/span><\/h3>[ut_number_counter counter_font_source=&#8221;google&#8221; counter_google_fonts=&#8221;font_family:Nunito%20Sans%3A200%2C200italic%2C300%2C300italic%2Cregular%2Citalic%2C600%2C600italic%2C700%2C700italic%2C800%2C800italic%2C900%2C900italic|font_style:800%20bold%20regular%3A800%3Anormal&#8221; counter_font_size=&#8221;70&#8243; counter_prefix_font_weight=&#8221;&#8221; counter_suffix_font_weight=&#8221;&#8221; to=&#8221;2.5&#8243; desccolor=&#8221;#ffffff&#8221; counter_color=&#8221;#2fb096&#8243; suffix=&#8221;%&#8221;][\/ut_number_counter][\/vc_column_inner][\/vc_row_inner][\/vc_column][vc_column width=&#8221;1\/3&#8243; bklyn_overlay=&#8221;true&#8221; bklyn_overlay_effect=&#8221;true&#8221; bklyn_overlay_effect_number=&#8221;25&#8243; bklyn_overlay_effect_speed=&#8221;1&#8243; bklyn_overlay_effect_randomize_opacity=&#8221;true&#8221; bklyn_overlay_effect_opacity_animate=&#8221;true&#8221; bklyn_overlay_effect_connect_particles=&#8221;false&#8221; bklyn_overlay_effect_mouse_interaction=&#8221;false&#8221; bklyn_overlay_effect_activate_boundaries=&#8221;false&#8221; delay=&#8221;true&#8221; bklyn_overlay_color=&#8221;rgba(23, 23, 24, 0.95)&#8221; css=&#8221;.vc_custom_1635467044057{border-bottom-width: 2px !important;background-position: center !important;background-repeat: no-repeat !important;background-size: cover !important;border-bottom-color: #44b9c4 !important;border-bottom-style: solid !important;border-radius: 10px !important;}&#8221; effect=&#8221;fadeIn&#8221; delay_timer=&#8221;600&#8243;][vc_row_inner][vc_column_inner]<style type=\"text\/css\">#ut_custom_heading69e7715cefb11 { color:#ffffff; }#ut_custom_heading69e7715cefb11 { font-size:25px !important;line-height:28px !important; }#ut_custom_heading69e7715cefb11 { text-align:center; }@media (min-width: 768px) and (max-width: 1024px) { #ut_custom_heading69e7715cefb11 { text-align:center; } }@media (max-width: 767px) { #ut_custom_heading69e7715cefb11 { text-align:center; } }<\/style><h3 id=\"ut_custom_heading69e7715cefb11\" data-responsive-font=\"h3\" data-responsive-font-settings=\"{&quot;base-font-size&quot;:&quot;global&quot;,&quot;font-size&quot;:{&quot;desktop_large&quot;:&quot;25&quot;},&quot;base-line-height&quot;:&quot;global&quot;,&quot;line-height&quot;:{&quot;desktop_large&quot;:&quot;28&quot;},&quot;base-letter-spacing&quot;:&quot;global&quot;}\" class=\"ut-custom-heading-module   vc_custom_1636738710758\" ><span class=\"\" >Ortakl\u0131k ve Yat\u0131r\u0131mc\u0131lar<\/span><\/h3>[ut_number_counter counter_font_source=&#8221;google&#8221; counter_google_fonts=&#8221;font_family:Nunito%20Sans%3A200%2C200italic%2C300%2C300italic%2Cregular%2Citalic%2C600%2C600italic%2C700%2C700italic%2C800%2C800italic%2C900%2C900italic|font_style:800%20bold%20regular%3A800%3Anormal&#8221; counter_font_size=&#8221;70&#8243; counter_prefix_font_weight=&#8221;&#8221; counter_suffix_font_weight=&#8221;&#8221; to=&#8221;3.5&#8243; desccolor=&#8221;#ffffff&#8221; counter_color=&#8221;#44b9c4&#8243; suffix=&#8221;%&#8221;][\/ut_number_counter][\/vc_column_inner][\/vc_row_inner][\/vc_column][vc_column width=&#8221;1\/3&#8243; bklyn_overlay_effect=&#8221;true&#8221; css=&#8221;.vc_custom_1635467084577{border-bottom-width: 2px !important;border-bottom-color: #13a459 !important;border-bottom-style: solid !important;border-radius: 10px !important;}&#8221;][vc_row_inner][vc_column_inner]<style type=\"text\/css\">#ut_custom_heading69e7715cefbe6 { color:#ffffff; }#ut_custom_heading69e7715cefbe6 { font-size:25px !important;line-height:28px !important; }#ut_custom_heading69e7715cefbe6 { text-align:center; }@media (min-width: 768px) and (max-width: 1024px) { #ut_custom_heading69e7715cefbe6 { text-align:center; } }@media (max-width: 767px) { #ut_custom_heading69e7715cefbe6 { text-align:center; } }<\/style><h3 id=\"ut_custom_heading69e7715cefbe6\" data-responsive-font=\"h3\" data-responsive-font-settings=\"{&quot;base-font-size&quot;:&quot;global&quot;,&quot;font-size&quot;:{&quot;desktop_large&quot;:&quot;25&quot;},&quot;base-line-height&quot;:&quot;global&quot;,&quot;line-height&quot;:{&quot;desktop_large&quot;:&quot;28&quot;},&quot;base-letter-spacing&quot;:&quot;global&quot;}\" class=\"ut-custom-heading-module   vc_custom_1636738725456\" ><span class=\"\" >Rezerv &amp; Envida Ekosistemi<\/span><\/h3>[ut_number_counter counter_font_source=&#8221;google&#8221; counter_google_fonts=&#8221;font_family:Nunito%20Sans%3A200%2C200italic%2C300%2C300italic%2Cregular%2Citalic%2C600%2C600italic%2C700%2C700italic%2C800%2C800italic%2C900%2C900italic|font_style:800%20bold%20regular%3A800%3Anormal&#8221; counter_font_size=&#8221;70&#8243; counter_prefix_font_weight=&#8221;&#8221; counter_suffix_font_weight=&#8221;&#8221; to=&#8221;6&#8243; desccolor=&#8221;#ffffff&#8221; counter_color=&#8221;#13a459&#8243; suffix=&#8221;%&#8221;][\/ut_number_counter][\/vc_column_inner][\/vc_row_inner][\/vc_column][\/vc_row][\/vc_section]<\/p>\n","protected":false},"excerpt":{"rendered":"<p>[vc_section css=&#8221;.vc_custom_1614129171910{background-color: #171718 !important;}&#8221; el_name=&#8221;3 Reasons for Brooklyn&#8221;][vc_row effect=&#8221;none&#8221; el_name=&#8221;column has animation&#8221;][vc_column delay=&#8221;true&#8221; effect=&#8221;fadeIn&#8221; delay_timer=&#8221;400&#8243;][\/vc_column][\/vc_row][\/vc_section][vc_section content_placement=&#8221;middle&#8221; bklyn_overlay=&#8221;true&#8221; background_position=&#8221;center center&#8221; css=&#8221;.vc_custom_1635872186907{background-color: #19191a !important;background-position: center !important;background-repeat: no-repeat !important;background-size: cover !important;}&#8221; el_name=&#8221;Token Sale&#8221; bklyn_section_anchor_id=&#8221;Token Sale&#8221; bklyn_overlay_color=&#8221;rgba(23, 23, 24, 0.95)&#8221;][vc_row gap=&#8221;40&#8243; equal_height=&#8221;yes&#8221; content_placement=&#8221;middle&#8221; el_id=&#8221;reason3&#8243; css=&#8221;.vc_custom_1614165521620{margin-top: 0px !important;}&#8221; el_name=&#8221;columns have animations&#8221;][vc_column width=&#8221;1\/4&#8243; bklyn_overlay=&#8221;true&#8221; delay=&#8221;true&#8221; css=&#8221;.vc_custom_1635466639977{border-top-width: 2px !important;border-bottom-width: 2px !important;background-position: center [&hellip;]<\/p>\n","protected":false},"author":1,"featured_media":0,"parent":0,"menu_order":0,"comment_status":"closed","ping_status":"closed","template":"","meta":{"footnotes":""},"class_list":["post-10452","page","type-page","status-publish","hentry"],"_links":{"self":[{"href":"https:\/\/envidatoken.io\/tr\/wp-json\/wp\/v2\/pages\/10452","targetHints":{"allow":["GET"]}}],"collection":[{"href":"https:\/\/envidatoken.io\/tr\/wp-json\/wp\/v2\/pages"}],"about":[{"href":"https:\/\/envidatoken.io\/tr\/wp-json\/wp\/v2\/types\/page"}],"author":[{"embeddable":true,"href":"https:\/\/envidatoken.io\/tr\/wp-json\/wp\/v2\/users\/1"}],"replies":[{"embeddable":true,"href":"https:\/\/envidatoken.io\/tr\/wp-json\/wp\/v2\/comments?post=10452"}],"version-history":[{"count":7,"href":"https:\/\/envidatoken.io\/tr\/wp-json\/wp\/v2\/pages\/10452\/revisions"}],"predecessor-version":[{"id":10454,"href":"https:\/\/envidatoken.io\/tr\/wp-json\/wp\/v2\/pages\/10452\/revisions\/10454"}],"wp:attachment":[{"href":"https:\/\/envidatoken.io\/tr\/wp-json\/wp\/v2\/media?parent=10452"}],"curies":[{"name":"wp","href":"https:\/\/api.w.org\/{rel}","templated":true}]}}