{"id":10466,"date":"2021-10-29T11:49:10","date_gmt":"2021-10-29T11:49:10","guid":{"rendered":"https:\/\/envidatoken.io\/technology\/"},"modified":"2021-11-13T17:30:46","modified_gmt":"2021-11-13T17:30:46","slug":"teknoloji","status":"publish","type":"page","link":"https:\/\/envidatoken.io\/tr\/teknoloji\/","title":{"rendered":"Teknoloji"},"content":{"rendered":"<p>[vc_section automatic_spacing_suppress_fill=&#8221;on&#8221; css=&#8221;.vc_custom_1635504551861{background-color: #19191a !important;}&#8221; el_name=&#8221;Brooklyn build on 7x Protocol&#8221;][vc_row gap=&#8221;30&#8243; equal_height=&#8221;yes&#8221; content_placement=&#8221;middle&#8221; el_name=&#8221;columns have animations&#8221;][vc_column bklyn_overlay=&#8221;true&#8221; delay=&#8221;true&#8221; css=&#8221;.vc_custom_1635509459001{border-bottom-width: 2px !important;background-position: center !important;background-repeat: no-repeat !important;background-size: cover !important;border-bottom-color: rgba(255,255,255,0.1) !important;border-bottom-style: solid !important;border-radius: 10px !important;}&#8221; effect=&#8221;fadeIn&#8221; delay_timer=&#8221;400&#8243; bklyn_overlay_color=&#8221;rgba(25, 25, 26, 0.95)&#8221;]<div class=\"wpb_content_element \"><style type=\"text\/css\">#ut_header_69e0f07f25905 h4.section-title, #ut_header_69e0f07f25905 h4.section-title span { color:#ffffff; }#ut_header_69e0f07f25905 h4.section-title { font-size:66px !important;line-height:70px !important;letter-spacing:-0.03em; }@media (min-width: 1025px) and (max-width: 1679px) {#ut_header_69e0f07f25905 h4.section-title { font-size:40px !important;line-height:46px !important; }}#ut_header_69e0f07f25905 .lead { color:#888888; }#ut_header_69e0f07f25905 .lead p { color:#888888; }#ut_header_69e0f07f25905 .ut-glitch-1::after { color:#1e73be; }#ut_header_69e0f07f25905 .ut-glitch-2::after { text-shadow: 1px 0 #1e73be; }#ut_header_69e0f07f25905 .ut-glitch-1::before { color:#69d61b; }#ut_header_69e0f07f25905 .ut-glitch-2::before { text-shadow: -1px 0 #69d61b; }<\/style><header id=\"ut_header_69e0f07f25905\" class=\"section-header  ut-no-title-linebreak-mobile ut-no-lead-linebreak-mobile pt-style-7 header-center header-tablet-center header-mobile-center element-with-custom-line-height\"><div class=\"element-with-custom-line-height\" ><h4 data-title=\"Teknoloji\"  data-responsive-font=\"section_title\" data-responsive-font-settings=\"{&quot;base-font-size&quot;:&quot;66&quot;,&quot;font-size-unit&quot;:&quot;px&quot;,&quot;font-size&quot;:{&quot;desktop_large&quot;:&quot;66&quot;,&quot;desktop_small&quot;:&quot;40&quot;},&quot;base-line-height&quot;:&quot;70&quot;,&quot;line-height-unit&quot;:&quot;px&quot;,&quot;line-height&quot;:{&quot;desktop_large&quot;:&quot;70&quot;,&quot;desktop_small&quot;:&quot;46&quot;},&quot;base-letter-spacing&quot;:&quot;global&quot;,&quot;letter-spacing&quot;:{&quot;desktop_large&quot;:&quot;-0.03&quot;}}\" class=\"section-title ut-glitch ut-glitch-2 ut-glow\"><span>Teknoloji<\/span><\/h4><\/div><\/header><\/div><div class=\"wpb_content_element  vc_custom_1636744766777\"><style type=\"text\/css\">#ut_header_69e0f07f294ab h2.section-title, #ut_header_69e0f07f294ab h2.section-title span { color:#ffffff; }#ut_header_69e0f07f294ab h2.section-title { font-size:50px !important;line-height:61px !important;letter-spacing:-0.03em; }@media (min-width: 1025px) and (max-width: 1679px) {#ut_header_69e0f07f294ab h2.section-title { font-size:40px !important;line-height:46px !important; }}#ut_header_69e0f07f294ab .ut-glitch-1::after { color:#1e73be; }#ut_header_69e0f07f294ab .ut-glitch-2::after { text-shadow: 1px 0 #1e73be; }#ut_header_69e0f07f294ab .ut-glitch-1::before { color:#69d61b; }#ut_header_69e0f07f294ab .ut-glitch-2::before { text-shadow: -1px 0 #69d61b; }<\/style><header id=\"ut_header_69e0f07f294ab\" class=\"section-header  ut-no-lead-linebreak-mobile pt-style-7 header-center header-tablet-center header-mobile-center element-with-custom-line-height\"><div class=\"element-with-custom-line-height\" ><h2 data-title=\"DriveMining\"  data-responsive-font=\"section_title\" data-responsive-font-settings=\"{&quot;base-font-size&quot;:&quot;50&quot;,&quot;font-size-unit&quot;:&quot;px&quot;,&quot;font-size&quot;:{&quot;desktop_large&quot;:&quot;50&quot;,&quot;desktop_small&quot;:&quot;40&quot;},&quot;base-line-height&quot;:&quot;61&quot;,&quot;line-height-unit&quot;:&quot;px&quot;,&quot;line-height&quot;:{&quot;desktop_large&quot;:&quot;61&quot;,&quot;desktop_small&quot;:&quot;46&quot;},&quot;base-letter-spacing&quot;:&quot;global&quot;,&quot;letter-spacing&quot;:{&quot;desktop_large&quot;:&quot;-0.03&quot;}}\" class=\"section-title ut-glitch ut-glitch-2 ut-glow\"><span>DriveMining<\/span><\/h2><\/div><div data-delay=\"0\" class=\"lead ut-glitch ut-glitch-2\"><p>EnviDa projesini m\u00fcmk\u00fcn k\u0131lan teknoloji, \u00f6zel olarak geli\u015ftirilmi\u015f ve patentli DriveMiner&#8217;d\u0131r. DriveMiner ile ula\u015f\u0131m ve yolcu ta\u015f\u0131mac\u0131l\u0131\u011f\u0131 \u015firketleri, ek altyap\u0131ya yat\u0131r\u0131m yapmak zorunda kalmadan kripto para madencili\u011fi yaparak pasif gelir elde etme f\u0131rsat\u0131na sahip olurlar. Sens\u00f6rler, \u00e7e\u015fitli aray\u00fczler arac\u0131l\u0131\u011f\u0131yla entegre edilebilir ve \u00f6l\u00e7\u00fcm verileri ger\u00e7ek zamanl\u0131 olarak i\u015flenip g\u00f6nderilebilir.<\/p>\n<p>Bu sistem \u00fczerine in\u015fa ederek, t\u00fcm veri ve i\u015flemlerin korumal\u0131 bir \u015fekilde saklanaca\u011f\u0131 kendi blok zincirimizi geli\u015ftirece\u011fiz.<\/p>\n<\/div><\/header><\/div>[\/vc_column][\/vc_row][\/vc_section][vc_section css=&#8221;.vc_custom_1614129171910{background-color: #171718 !important;}&#8221; el_name=&#8221;3 Reasons for Brooklyn&#8221;][vc_row effect=&#8221;none&#8221; el_name=&#8221;column has animation&#8221;][vc_column delay=&#8221;true&#8221; effect=&#8221;fadeIn&#8221; delay_timer=&#8221;400&#8243;]<div class=\"wpb_content_element \"><style type=\"text\/css\">#ut_header_69e0f07f29c6e h4.section-title, #ut_header_69e0f07f29c6e h4.section-title span { color:#ffffff; }#ut_header_69e0f07f29c6e h4.section-title { font-size:66px !important;line-height:70px !important;letter-spacing:-0.03em; }@media (min-width: 1025px) and (max-width: 1679px) {#ut_header_69e0f07f29c6e h4.section-title { font-size:40px !important;line-height:46px !important; }}#ut_header_69e0f07f29c6e .lead { color:#888888; }#ut_header_69e0f07f29c6e .lead p { color:#888888; }#ut_header_69e0f07f29c6e .ut-glitch-1::after { color:#1e73be; }#ut_header_69e0f07f29c6e .ut-glitch-2::after { text-shadow: 1px 0 #1e73be; }#ut_header_69e0f07f29c6e .ut-glitch-1::before { color:#69d61b; }#ut_header_69e0f07f29c6e .ut-glitch-2::before { text-shadow: -1px 0 #69d61b; }<\/style><header id=\"ut_header_69e0f07f29c6e\" class=\"section-header  ut-no-title-linebreak-mobile ut-no-lead-linebreak-mobile pt-style-7 header-center header-tablet-center header-mobile-center element-with-custom-line-height\"><div class=\"element-with-custom-line-height\" ><h4 data-title=\"DriveMiner \u015funlardan olu\u015fur:\"  data-responsive-font=\"section_title\" data-responsive-font-settings=\"{&quot;base-font-size&quot;:&quot;66&quot;,&quot;font-size-unit&quot;:&quot;px&quot;,&quot;font-size&quot;:{&quot;desktop_large&quot;:&quot;66&quot;,&quot;desktop_small&quot;:&quot;40&quot;},&quot;base-line-height&quot;:&quot;70&quot;,&quot;line-height-unit&quot;:&quot;px&quot;,&quot;line-height&quot;:{&quot;desktop_large&quot;:&quot;70&quot;,&quot;desktop_small&quot;:&quot;46&quot;},&quot;base-letter-spacing&quot;:&quot;global&quot;,&quot;letter-spacing&quot;:{&quot;desktop_large&quot;:&quot;-0.03&quot;}}\" class=\"section-title ut-glitch ut-glitch-2 ut-glow\"><span>DriveMiner \u015funlardan olu\u015fur:<\/span><\/h4><\/div><\/header><\/div>[\/vc_column][\/vc_row][vc_row gap=&#8221;40&#8243; equal_height=&#8221;yes&#8221; content_placement=&#8221;top&#8221; el_name=&#8221;columns have animations&#8221; css=&#8221;.vc_custom_1614160687477{margin-top: 0px !important;}&#8221;][vc_column width=&#8221;1\/3&#8243; bklyn_overlay=&#8221;true&#8221; delay=&#8221;true&#8221; css=&#8221;.vc_custom_1614126731113{border-top-width: 1px !important;border-right-width: 1px !important;border-bottom-width: 1px !important;border-left-width: 1px !important;border-left-color: rgba(255,255,255,0.05) !important;border-left-style: solid !important;border-right-color: rgba(255,255,255,0.05) !important;border-right-style: solid !important;border-top-color: rgba(255,255,255,0.05) !important;border-top-style: solid !important;border-bottom-color: rgba(255,255,255,0.05) !important;border-bottom-style: solid !important;border-radius: 10px !important;}&#8221; effect=&#8221;fadeIn&#8221; delay_timer=&#8221;400&#8243;]<div class=\"wpb_content_element\"><style type=\"text\/css\">#ut_bi_69e0f07f2a3c9 .bklyn-big-icon-link .bklyn-big-icon { background: #19191a; }#ut_bi_69e0f07f2a3c9 .bklyn-big-icon { margin-bottom: 0px; }#ut_bi_69e0f07f2a3c9 .bklyn-big-icon-round.bklyn-big-icon .fa, #ut_bi_69e0f07f2a3c9 .bklyn-big-icon-square.bklyn-big-icon .fa { line-height: 100px;}#ut_bi_69e0f07f2a3c9 .bklyn-big-icon img {max-height: 100px;} #ut_bi_69e0f07f2a3c9 .bklyn-big-icon { height: 200px;line-height: 200px;width: 200px;font-size: 100px;}#ut_bi_69e0f07f2a3c9 .bklyn-big-icon svg {transform: scale(2);}<\/style><div id=\"ut_bi_69e0f07f2a3c9\" class=\"bklyn-big-icon-wrap\"><div class=\"bklyn-big-icon-link \"><div class=\"bklyn-big-icon bklyn-big-icon-round\"><div class=\"bklyn-big-icon-inner\"><img decoding=\"async\" alt=\"icon\" src=\"https:\/\/envidatoken.io\/media\/2021\/10\/aluminum.png\"><\/div><\/div><\/div><\/div><\/div><div class=\"wpb_content_element \"><style type=\"text\/css\">#ut_scv_69e0f07f2a452 .ut-service-icon i { color: rgba(19, 164, 89, 1); }#ut_scv_69e0f07f2a452 .ut-service-column.ut-vertical h3 { color: #ffffff; }#ut_scv_69e0f07f2a452 .ut-service-column.ut-vertical h3 { font-size:25px !important;line-height:28px !important; }#ut_scv_69e0f07f2a452 .ut-service-column.ut-vertical p { font-size:16px !important;line-height:19px !important; }#ut_scv_69e0f07f2a452 .ut-service-column.ut-vertical a.ut-service-column-vertical-link { color: #ffffff; }#ut_scv_69e0f07f2a452 .ut-service-column.ut-vertical a.ut-service-column-vertical-link:hover { color: #888888; }#ut_scv_69e0f07f2a452 .ut-service-column.ut-vertical a.ut-service-column-vertical-link:active { color: #888888; }#ut_scv_69e0f07f2a452 .ut-service-column.ut-vertical a.ut-service-column-vertical-link:focus { color: #888888; }#ut_scv_69e0f07f2a452 .ut-service-column.ut-vertical a.ut-service-column-vertical-link i { color: #613dc1; }#ut_scv_69e0f07f2a452 .ut-service-column.ut-vertical a.ut-service-column-vertical-link { font-size: 12px; }<\/style><div id=\"ut_scv_69e0f07f2a452\" class=\" clearfix  ut-vertical-style-no-icon ut-vertical-style ut-vertical-style-align-center\" ><div class=\"ut-service-column ut-vertical\"><h3 data-responsive-font=\"h3\" data-responsive-font-settings=\"{&quot;base-font-size&quot;:&quot;global&quot;,&quot;font-size&quot;:{&quot;desktop_large&quot;:&quot;25&quot;},&quot;base-line-height&quot;:&quot;global&quot;,&quot;line-height&quot;:{&quot;desktop_large&quot;:&quot;28&quot;},&quot;base-letter-spacing&quot;:&quot;global&quot;}\" class=\"ut-service-column-title element-with-custom-line-height\">Sa\u011flam al\u00fcminyum g\u00f6vde<\/h3><\/div><\/div><\/div>[\/vc_column][vc_column width=&#8221;1\/3&#8243; bklyn_overlay=&#8221;true&#8221; bklyn_overlay_effect=&#8221;true&#8221; bklyn_overlay_effect_number=&#8221;25&#8243; bklyn_overlay_effect_speed=&#8221;1&#8243; bklyn_overlay_effect_connect_particles=&#8221;false&#8221; bklyn_overlay_effect_mouse_interaction=&#8221;false&#8221; bklyn_overlay_effect_activate_boundaries=&#8221;false&#8221; delay=&#8221;true&#8221; css=&#8221;.vc_custom_1614126727466{border-top-width: 1px !important;border-right-width: 1px !important;border-bottom-width: 1px !important;border-left-width: 1px !important;border-left-color: rgba(255,255,255,0.05) !important;border-left-style: solid !important;border-right-color: rgba(255,255,255,0.05) !important;border-right-style: solid !important;border-top-color: rgba(255,255,255,0.05) !important;border-top-style: solid !important;border-bottom-color: rgba(255,255,255,0.05) !important;border-bottom-style: solid !important;border-radius: 10px !important;}&#8221; bklyn_overlay_effect_line_color=&#8221;rgba(255,255,255,0)&#8221; effect=&#8221;fadeIn&#8221; delay_timer=&#8221;600&#8243;]<div class=\"wpb_content_element\"><style type=\"text\/css\">#ut_bi_69e0f07f2a660 .bklyn-big-icon-link .bklyn-big-icon { background: #19191a; }#ut_bi_69e0f07f2a660 .bklyn-big-icon { margin-bottom: 0px; }#ut_bi_69e0f07f2a660 .bklyn-big-icon-round.bklyn-big-icon .fa, #ut_bi_69e0f07f2a660 .bklyn-big-icon-square.bklyn-big-icon .fa { line-height: 100px;}#ut_bi_69e0f07f2a660 .bklyn-big-icon img {max-height: 100px;} #ut_bi_69e0f07f2a660 .bklyn-big-icon { height: 200px;line-height: 200px;width: 200px;font-size: 100px;}#ut_bi_69e0f07f2a660 .bklyn-big-icon svg {transform: scale(2);}<\/style><div id=\"ut_bi_69e0f07f2a660\" class=\"bklyn-big-icon-wrap\"><div class=\"bklyn-big-icon-link \"><div class=\"bklyn-big-icon bklyn-big-icon-round\"><div class=\"bklyn-big-icon-inner\"><img decoding=\"async\" alt=\"icon\" src=\"https:\/\/envidatoken.io\/media\/2021\/10\/circuit.png\"><\/div><\/div><\/div><\/div><\/div><div class=\"wpb_content_element \"><style type=\"text\/css\">#ut_scv_69e0f07f2a6cb .ut-service-icon i { color: rgba(19, 164, 89, 1); }#ut_scv_69e0f07f2a6cb .ut-service-column.ut-vertical h3 { color: #ffffff; }#ut_scv_69e0f07f2a6cb .ut-service-column.ut-vertical h3 { font-size:25px !important;line-height:28px !important; }#ut_scv_69e0f07f2a6cb .ut-service-column.ut-vertical p { font-size:16px !important;line-height:19px !important; }#ut_scv_69e0f07f2a6cb .ut-service-column.ut-vertical a.ut-service-column-vertical-link { color: #ffffff; }#ut_scv_69e0f07f2a6cb .ut-service-column.ut-vertical a.ut-service-column-vertical-link:hover { color: #888888; }#ut_scv_69e0f07f2a6cb .ut-service-column.ut-vertical a.ut-service-column-vertical-link:active { color: #888888; }#ut_scv_69e0f07f2a6cb .ut-service-column.ut-vertical a.ut-service-column-vertical-link:focus { color: #888888; }#ut_scv_69e0f07f2a6cb .ut-service-column.ut-vertical a.ut-service-column-vertical-link i { color: #fb3167; }#ut_scv_69e0f07f2a6cb .ut-service-column.ut-vertical a.ut-service-column-vertical-link { font-size: 12px; }<\/style><div id=\"ut_scv_69e0f07f2a6cb\" class=\" clearfix  ut-vertical-style-no-icon ut-vertical-style ut-vertical-style-align-center\" ><div class=\"ut-service-column ut-vertical\"><h3 data-responsive-font=\"h3\" data-responsive-font-settings=\"{&quot;base-font-size&quot;:&quot;global&quot;,&quot;font-size&quot;:{&quot;desktop_large&quot;:&quot;25&quot;},&quot;base-line-height&quot;:&quot;global&quot;,&quot;line-height&quot;:{&quot;desktop_large&quot;:&quot;28&quot;},&quot;base-letter-spacing&quot;:&quot;global&quot;}\" class=\"ut-service-column-title element-with-custom-line-height\">Su so\u011futmal\u0131 FPGA hashboard <\/h3><\/div><\/div><\/div>[\/vc_column][vc_column width=&#8221;1\/3&#8243; delay=&#8221;true&#8221; css=&#8221;.vc_custom_1614126450235{border-top-width: 1px !important;border-right-width: 1px !important;border-bottom-width: 1px !important;border-left-width: 1px !important;border-left-color: rgba(255,255,255,0.05) !important;border-left-style: solid !important;border-right-color: rgba(255,255,255,0.05) !important;border-right-style: solid !important;border-top-color: rgba(255,255,255,0.05) !important;border-top-style: solid !important;border-bottom-color: rgba(255,255,255,0.05) !important;border-bottom-style: solid !important;border-radius: 10px !important;}&#8221; effect=&#8221;fadeIn&#8221; delay_timer=&#8221;800&#8243;]<div class=\"wpb_content_element\"><style type=\"text\/css\">#ut_bi_69e0f07f2a8cf .bklyn-big-icon-link .bklyn-big-icon { background: #19191a; }#ut_bi_69e0f07f2a8cf .bklyn-big-icon { margin-bottom: 0px; }#ut_bi_69e0f07f2a8cf .bklyn-big-icon-round.bklyn-big-icon .fa, #ut_bi_69e0f07f2a8cf .bklyn-big-icon-square.bklyn-big-icon .fa { line-height: 100px;}#ut_bi_69e0f07f2a8cf .bklyn-big-icon img {max-height: 100px;} #ut_bi_69e0f07f2a8cf .bklyn-big-icon { height: 200px;line-height: 200px;width: 200px;font-size: 100px;}#ut_bi_69e0f07f2a8cf .bklyn-big-icon svg {transform: scale(2);}<\/style><div id=\"ut_bi_69e0f07f2a8cf\" class=\"bklyn-big-icon-wrap\"><div class=\"bklyn-big-icon-link \"><div class=\"bklyn-big-icon bklyn-big-icon-round\"><div class=\"bklyn-big-icon-inner\"><img decoding=\"async\" alt=\"icon\" src=\"https:\/\/envidatoken.io\/media\/2021\/10\/connection.png\"><\/div><\/div><\/div><\/div><\/div><div class=\"wpb_content_element \"><style type=\"text\/css\">#ut_scv_69e0f07f2a938 .ut-service-icon i { color: rgba(19, 164, 89, 1); }#ut_scv_69e0f07f2a938 .ut-service-column.ut-vertical h3 { color: #ffffff; }#ut_scv_69e0f07f2a938 .ut-service-column.ut-vertical h3 { font-size:25px !important;line-height:28px !important; }#ut_scv_69e0f07f2a938 .ut-service-column.ut-vertical p { font-size:16px !important;line-height:19px !important; }#ut_scv_69e0f07f2a938 .ut-service-column.ut-vertical a.ut-service-column-vertical-link { color: #ffffff; }#ut_scv_69e0f07f2a938 .ut-service-column.ut-vertical a.ut-service-column-vertical-link:hover { color: #888888; }#ut_scv_69e0f07f2a938 .ut-service-column.ut-vertical a.ut-service-column-vertical-link:active { color: #888888; }#ut_scv_69e0f07f2a938 .ut-service-column.ut-vertical a.ut-service-column-vertical-link:focus { color: #888888; }#ut_scv_69e0f07f2a938 .ut-service-column.ut-vertical a.ut-service-column-vertical-link i { color: #ff9a33; }#ut_scv_69e0f07f2a938 .ut-service-column.ut-vertical a.ut-service-column-vertical-link { font-size: 12px; }<\/style><div id=\"ut_scv_69e0f07f2a938\" class=\" clearfix  ut-vertical-style-no-icon ut-vertical-style ut-vertical-style-align-center\" ><div class=\"ut-service-column ut-vertical\"><h3 data-responsive-font=\"h3\" data-responsive-font-settings=\"{&quot;base-font-size&quot;:&quot;global&quot;,&quot;font-size&quot;:{&quot;desktop_large&quot;:&quot;25&quot;},&quot;base-line-height&quot;:&quot;global&quot;,&quot;line-height&quot;:{&quot;desktop_large&quot;:&quot;28&quot;},&quot;base-letter-spacing&quot;:&quot;global&quot;}\" class=\"ut-service-column-title element-with-custom-line-height\">\u0130nternet ba\u011flant\u0131s\u0131 olan mikro bilgisayar.<\/h3><\/div><\/div><\/div>[\/vc_column][\/vc_row][vc_row][vc_column]<style type=\"text\/css\">#bklyn_btn_69e0f07f2a9f1 .bklyn-btn { color:#ffffff !important; border-color:#51bfe1 !important; border-radius:10px !important; }#bklyn_btn_69e0f07f2a9f1 .bklyn-btn:hover{ color:#ffffff !important; border-color:#51bfe1 !important; }#bklyn_btn_69e0f07f2a9f1 .bklyn-btn:focus{ color:#ffffff !important; border-color:#51bfe1 !important; }#bklyn_btn_69e0f07f2a9f1 .bklyn-btn:active { color:#ffffff !important; border-color:#51bfe1 !important; }#bklyn_btn_69e0f07f2a9f1 .bklyn-btn::after{ color:#ffffff !important; }<\/style><div id=\"bklyn_btn_69e0f07f2a9f1\" class=\"bklyn-btn-holder  bklyn-btn-center bklyn-btn-tablet-center bklyn-btn-mobile-center\"><div  class=\"ut-particles-with-animation \"><a title=\"\" data-particle-effect=\"send\" data-particle-direction=\"left\" data-particle-color=\"rgba(19, 164, 89, 1)\" data-text=\"DAHA FAZLA B\u0130LG\u0130\"  href=\"https:\/\/drivemining.io\/\" target=\" _blank\" class=\"bklyn-btn bklyn-btn-with-effect bklyn-btn-effect-winona ut-btn-disintegrate ut-btn-integrate bklyn-btn-outline bklyn-btn-icon-left bklyn-btn-normal\" ><i class=\"fa fa-arrow-right\"><\/i><span class=\"ut-btn-text\"><span>DAHA FAZLA B\u0130LG\u0130<\/span><\/span><\/a><\/div><\/div>[\/vc_column][\/vc_row][\/vc_section]<\/p>\n","protected":false},"excerpt":{"rendered":"<p>[vc_section automatic_spacing_suppress_fill=&#8221;on&#8221; css=&#8221;.vc_custom_1635504551861{background-color: #19191a !important;}&#8221; el_name=&#8221;Brooklyn build on 7x Protocol&#8221;][vc_row gap=&#8221;30&#8243; equal_height=&#8221;yes&#8221; content_placement=&#8221;middle&#8221; el_name=&#8221;columns have animations&#8221;][vc_column bklyn_overlay=&#8221;true&#8221; delay=&#8221;true&#8221; css=&#8221;.vc_custom_1635509459001{border-bottom-width: 2px !important;background-position: center !important;background-repeat: no-repeat !important;background-size: cover !important;border-bottom-color: rgba(255,255,255,0.1) !important;border-bottom-style: solid !important;border-radius: 10px !important;}&#8221; effect=&#8221;fadeIn&#8221; delay_timer=&#8221;400&#8243; bklyn_overlay_color=&#8221;rgba(25, 25, 26, 0.95)&#8221;][\/vc_column][\/vc_row][\/vc_section][vc_section css=&#8221;.vc_custom_1614129171910{background-color: #171718 !important;}&#8221; el_name=&#8221;3 Reasons for Brooklyn&#8221;][vc_row effect=&#8221;none&#8221; el_name=&#8221;column has animation&#8221;][vc_column delay=&#8221;true&#8221; effect=&#8221;fadeIn&#8221; delay_timer=&#8221;400&#8243;][\/vc_column][\/vc_row][vc_row gap=&#8221;40&#8243; equal_height=&#8221;yes&#8221; [&hellip;]<\/p>\n","protected":false},"author":1,"featured_media":0,"parent":0,"menu_order":0,"comment_status":"closed","ping_status":"closed","template":"","meta":{"footnotes":""},"class_list":["post-10466","page","type-page","status-publish","hentry"],"_links":{"self":[{"href":"https:\/\/envidatoken.io\/tr\/wp-json\/wp\/v2\/pages\/10466","targetHints":{"allow":["GET"]}}],"collection":[{"href":"https:\/\/envidatoken.io\/tr\/wp-json\/wp\/v2\/pages"}],"about":[{"href":"https:\/\/envidatoken.io\/tr\/wp-json\/wp\/v2\/types\/page"}],"author":[{"embeddable":true,"href":"https:\/\/envidatoken.io\/tr\/wp-json\/wp\/v2\/users\/1"}],"replies":[{"embeddable":true,"href":"https:\/\/envidatoken.io\/tr\/wp-json\/wp\/v2\/comments?post=10466"}],"version-history":[{"count":4,"href":"https:\/\/envidatoken.io\/tr\/wp-json\/wp\/v2\/pages\/10466\/revisions"}],"predecessor-version":[{"id":10483,"href":"https:\/\/envidatoken.io\/tr\/wp-json\/wp\/v2\/pages\/10466\/revisions\/10483"}],"wp:attachment":[{"href":"https:\/\/envidatoken.io\/tr\/wp-json\/wp\/v2\/media?parent=10466"}],"curies":[{"name":"wp","href":"https:\/\/api.w.org\/{rel}","templated":true}]}}