{"id":10485,"date":"2021-11-01T20:29:05","date_gmt":"2021-11-01T20:29:05","guid":{"rendered":"https:\/\/envidatoken.io\/register-now\/"},"modified":"2021-11-24T21:58:45","modified_gmt":"2021-11-24T21:58:45","slug":"kayit-ol","status":"publish","type":"page","link":"https:\/\/envidatoken.io\/tr\/kayit-ol\/","title":{"rendered":"Kay\u0131t Ol"},"content":{"rendered":"<p>[vc_section bklyn_overlay=&#8221;true&#8221; bklyn_overlay_effect=&#8221;true&#8221; bklyn_overlay_effect_number=&#8221;5&#8243; bklyn_overlay_effect_speed=&#8221;1&#8243; bklyn_overlay_effect_randomize_opacity=&#8221;true&#8221; bklyn_overlay_effect_opacity_animate=&#8221;true&#8221; bklyn_overlay_effect_mouse_interaction=&#8221;false&#8221; bklyn_overlay_effect_activate_boundaries=&#8221;false&#8221; bklyn_overlay_effect_moving_direction=&#8221;top&#8221; background_position=&#8221;center center&#8221; css=&#8221;.vc_custom_1614106780243{background-image: url(https:\/\/envidatoken.io\/media\/2018\/03\/section-bg2.jpg?id=1182) !important;background-position: center !important;background-repeat: no-repeat !important;background-size: cover !important;}&#8221; bklyn_overlay_color=&#8221;rgba(25, 25, 26, 0.95)&#8221; bklyn_overlay_effect_dot_color=&#8221;#ffffff&#8221; bklyn_overlay_effect_line_color=&#8221;rgba(255,255,255,0.3)&#8221; el_name=&#8221;Sign up for Early Access &amp; News&#8221; bklyn_section_anchor_id=&#8221;Contact&#8221;][vc_row gap=&#8221;40&#8243; el_name=&#8221;column has animation&#8221;][vc_column add_box_shadow=&#8221;true&#8221; add_box_shadow_spacing=&#8221;true&#8221; delay=&#8221;true&#8221; offset=&#8221;vc_col-lg-offset-3 vc_col-lg-6 vc_col-md-offset-3 vc_col-md-6 vc_col-sm-offset-0&#8243; css=&#8221;.vc_custom_1635494144810{border-bottom-width: 2px !important;background-color: #171718 !important;border-bottom-color: #51bfe1 !important;border-bottom-style: solid !important;border-radius: 10px !important;}&#8221; shadow_color=&#8221;rgba(0,0,0,0.35)&#8221; shadow_color_hover=&#8221;rgba(0,0,0,0)&#8221; effect=&#8221;fadeIn&#8221; delay_timer=&#8221;400&#8243;]<div class=\"wpb_content_element  vc_custom_1637788754931\"><style type=\"text\/css\">#ut_header_69e2083a886f6 h2.section-title, #ut_header_69e2083a886f6 h2.section-title span { color:#ffffff; }#ut_header_69e2083a886f6 h2.section-title { font-size:70px !important;line-height:79px !important;letter-spacing:-0.03em; }@media (min-width: 1025px) and (max-width: 1679px) {#ut_header_69e2083a886f6 h2.section-title { font-size:40px !important;line-height:46px !important; }}#ut_header_69e2083a886f6 .ut-glitch-1::after { color:#1e73be; }#ut_header_69e2083a886f6 .ut-glitch-2::after { text-shadow: 1px 0 #1e73be; }#ut_header_69e2083a886f6 .ut-glitch-1::before { color:#69d61b; }#ut_header_69e2083a886f6 .ut-glitch-2::before { text-shadow: -1px 0 #69d61b; }<\/style><header id=\"ut_header_69e2083a886f6\" class=\"section-header  ut-no-lead-linebreak-mobile pt-style-7 header-center header-tablet-center header-mobile-center element-with-custom-line-height\"><div class=\"element-with-custom-line-height\" ><h2 data-title=\"Erken Eri\u015fim i\u00e7in kaydolun\"  data-responsive-font=\"section_title\" data-responsive-font-settings=\"{&quot;base-font-size&quot;:&quot;global&quot;,&quot;font-size&quot;:{&quot;desktop_large&quot;:&quot;70&quot;,&quot;desktop_small&quot;:&quot;40&quot;},&quot;base-line-height&quot;:&quot;79&quot;,&quot;line-height-unit&quot;:&quot;px&quot;,&quot;line-height&quot;:{&quot;desktop_large&quot;:&quot;79&quot;,&quot;desktop_small&quot;:&quot;46&quot;},&quot;base-letter-spacing&quot;:&quot;global&quot;,&quot;letter-spacing&quot;:{&quot;desktop_large&quot;:&quot;-0.03&quot;}}\" class=\"section-title ut-glitch ut-glitch-2 ut-glow\"><span>Erken Eri\u015fim i\u00e7in kaydolun<\/span><\/h2><\/div><div data-delay=\"0\" class=\"lead ut-glitch ut-glitch-2\"><p>A\u015fa\u011f\u0131daki formu dolduran yat\u0131r\u0131mc\u0131lar 1 Aral\u0131k&#8217;tan sonra \u00f6zel sat\u0131\u015fa eri\u015fme \u015fans\u0131na sahip olacaklar. Size e-posta yoluyla g\u00f6nderilecek \u00f6zel bir ba\u011flant\u0131 arac\u0131l\u0131\u011f\u0131yla EnviDa Token&#8217;\u0131m\u0131za eri\u015fme ayr\u0131cal\u0131\u011f\u0131na sahip olmak istiyorsan\u0131z, \u00f6zel sat\u0131\u015f listesine dahil olmak i\u00e7in a\u015fa\u011f\u0131daki formu doldurabilirsiniz.<\/p>\n<\/div><\/header><\/div><div id=\"ut_cf7_colors_69e2083a8c3d3\" class=\"wpb_content_element ut-cf7-light-skin \">\n<div class=\"wpcf7 no-js\" id=\"wpcf7-f10476-o1\" lang=\"tr-TR\" dir=\"ltr\">\n<div class=\"screen-reader-response\"><p role=\"status\" aria-live=\"polite\" aria-atomic=\"true\"><\/p> <ul><\/ul><\/div>\n<form action=\"\/tr\/wp-json\/wp\/v2\/pages\/10485#wpcf7-f10476-o1\" method=\"post\" class=\"wpcf7-form init\" aria-label=\"Contact form\" novalidate=\"novalidate\" data-status=\"init\">\n<div style=\"display: none;\">\n<input type=\"hidden\" name=\"_wpcf7\" value=\"10476\" \/>\n<input type=\"hidden\" name=\"_wpcf7_version\" value=\"5.8.1\" \/>\n<input type=\"hidden\" name=\"_wpcf7_locale\" value=\"tr_TR\" \/>\n<input type=\"hidden\" name=\"_wpcf7_unit_tag\" value=\"wpcf7-f10476-o1\" \/>\n<input type=\"hidden\" name=\"_wpcf7_container_post\" value=\"0\" \/>\n<input type=\"hidden\" name=\"_wpcf7_posted_data_hash\" value=\"\" \/>\n<input type=\"hidden\" name=\"_wpcf7_recaptcha_response\" value=\"\" \/>\n<\/div>\n<p><label> Ad\u0131n\u0131z<br \/>\n<span class=\"wpcf7-form-control-wrap\" data-name=\"your-name\"><input size=\"40\" class=\"wpcf7-form-control wpcf7-text wpcf7-validates-as-required\" aria-required=\"true\" aria-invalid=\"false\" value=\"\" type=\"text\" name=\"your-name\" \/><\/span> <\/label>\n<\/p>\n<p><label> Soyad\u0131n\u0131z<br \/>\n<span class=\"wpcf7-form-control-wrap\" data-name=\"your-surname\"><input size=\"40\" class=\"wpcf7-form-control wpcf7-text wpcf7-validates-as-required\" aria-required=\"true\" aria-invalid=\"false\" value=\"\" type=\"text\" name=\"your-surname\" \/><\/span> <\/label>\n<\/p>\n<p><label> E-posta<br \/>\n<span class=\"wpcf7-form-control-wrap\" data-name=\"your-email\"><input size=\"40\" class=\"wpcf7-form-control wpcf7-email wpcf7-validates-as-required wpcf7-text wpcf7-validates-as-email\" aria-required=\"true\" aria-invalid=\"false\" value=\"\" type=\"email\" name=\"your-email\" \/><\/span> <\/label>\n<\/p>\n<p>[anr_nocaptcha g-recaptcha-response]\n<\/p>\n<p><span class=\"wpcf7-form-control-wrap\" data-name=\"quiz-490\"><label><span class=\"wpcf7-quiz-label\">4+9=?<\/span> <input size=\"40\" class=\"wpcf7-form-control wpcf7-quiz\" autocomplete=\"off\" aria-required=\"true\" aria-invalid=\"false\" type=\"text\" name=\"quiz-490\" \/><\/label><input type=\"hidden\" name=\"_wpcf7_quiz_answer_quiz-490\" value=\"ff0cbfd696946a60fbc5f5d406bfe3d0\" \/><\/span>\n<\/p>\n<p><label><input class=\"wpcf7-form-control wpcf7-submit has-spinner\" type=\"submit\" value=\"G\u00f6nder\" \/> <\/label>\n<\/p><p style=\"display: none !important;\"><label>&#916;<textarea name=\"_wpcf7_ak_hp_textarea\" cols=\"45\" rows=\"8\" maxlength=\"100\"><\/textarea><\/label><input type=\"hidden\" id=\"ak_js_1\" name=\"_wpcf7_ak_js\" value=\"194\"\/><script>document.getElementById( \"ak_js_1\" ).setAttribute( \"value\", ( new Date() ).getTime() );<\/script><\/p><input type='hidden' class='wpcf7-pum' value='{\"closepopup\":false,\"closedelay\":0,\"openpopup\":false,\"openpopup_id\":0}' \/><div class=\"wpcf7-response-output\" aria-hidden=\"true\"><\/div>\n<\/form>\n<\/div>\n<\/div>[\/vc_column][\/vc_row][\/vc_section]<\/p>\n","protected":false},"excerpt":{"rendered":"<p>[vc_section bklyn_overlay=&#8221;true&#8221; bklyn_overlay_effect=&#8221;true&#8221; bklyn_overlay_effect_number=&#8221;5&#8243; bklyn_overlay_effect_speed=&#8221;1&#8243; bklyn_overlay_effect_randomize_opacity=&#8221;true&#8221; bklyn_overlay_effect_opacity_animate=&#8221;true&#8221; bklyn_overlay_effect_mouse_interaction=&#8221;false&#8221; bklyn_overlay_effect_activate_boundaries=&#8221;false&#8221; bklyn_overlay_effect_moving_direction=&#8221;top&#8221; background_position=&#8221;center center&#8221; css=&#8221;.vc_custom_1614106780243{background-image: url(https:\/\/envidatoken.io\/media\/2018\/03\/section-bg2.jpg?id=1182) !important;background-position: center !important;background-repeat: no-repeat !important;background-size: cover !important;}&#8221; bklyn_overlay_color=&#8221;rgba(25, 25, 26, 0.95)&#8221; bklyn_overlay_effect_dot_color=&#8221;#ffffff&#8221; bklyn_overlay_effect_line_color=&#8221;rgba(255,255,255,0.3)&#8221; el_name=&#8221;Sign up for Early Access &amp; News&#8221; bklyn_section_anchor_id=&#8221;Contact&#8221;][vc_row gap=&#8221;40&#8243; el_name=&#8221;column has animation&#8221;][vc_column add_box_shadow=&#8221;true&#8221; add_box_shadow_spacing=&#8221;true&#8221; delay=&#8221;true&#8221; offset=&#8221;vc_col-lg-offset-3 vc_col-lg-6 vc_col-md-offset-3 vc_col-md-6 vc_col-sm-offset-0&#8243; css=&#8221;.vc_custom_1635494144810{border-bottom-width: 2px !important;background-color: #171718 !important;border-bottom-color: #51bfe1 !important;border-bottom-style: solid [&hellip;]<\/p>\n","protected":false},"author":1,"featured_media":0,"parent":0,"menu_order":0,"comment_status":"closed","ping_status":"closed","template":"","meta":{"footnotes":""},"class_list":["post-10485","page","type-page","status-publish","hentry"],"_links":{"self":[{"href":"https:\/\/envidatoken.io\/tr\/wp-json\/wp\/v2\/pages\/10485","targetHints":{"allow":["GET"]}}],"collection":[{"href":"https:\/\/envidatoken.io\/tr\/wp-json\/wp\/v2\/pages"}],"about":[{"href":"https:\/\/envidatoken.io\/tr\/wp-json\/wp\/v2\/types\/page"}],"author":[{"embeddable":true,"href":"https:\/\/envidatoken.io\/tr\/wp-json\/wp\/v2\/users\/1"}],"replies":[{"embeddable":true,"href":"https:\/\/envidatoken.io\/tr\/wp-json\/wp\/v2\/comments?post=10485"}],"version-history":[{"count":10,"href":"https:\/\/envidatoken.io\/tr\/wp-json\/wp\/v2\/pages\/10485\/revisions"}],"predecessor-version":[{"id":10878,"href":"https:\/\/envidatoken.io\/tr\/wp-json\/wp\/v2\/pages\/10485\/revisions\/10878"}],"wp:attachment":[{"href":"https:\/\/envidatoken.io\/tr\/wp-json\/wp\/v2\/media?parent=10485"}],"curies":[{"name":"wp","href":"https:\/\/api.w.org\/{rel}","templated":true}]}}